{"id":1566,"date":"2020-03-20T08:53:45","date_gmt":"2020-03-20T07:53:45","guid":{"rendered":"http:\/\/wordpress2030338.home.pl\/autoinstalator\/wordpressplus\/?post_type=product&#038;p=1566"},"modified":"2021-03-31T23:32:48","modified_gmt":"2021-03-31T21:32:48","slug":"hair-exfoliation-shampoo-with-enzymatic-peeling","status":"publish","type":"product","link":"https:\/\/dermofuture.com\/en\/shop\/hair\/hair-exfoliation-shampoo-with-enzymatic-peeling\/","title":{"rendered":"Hair Exfoliation shampoo with enzymatic peeling"},"content":{"rendered":"","protected":false},"excerpt":{"rendered":"<p>Shampoo designed for daily cleansing and care of sensitive scalp, oily and volume lacking har. An effective formula with hemp oil that restores the scalp balance, moisturises, and has antibacterial properties. Contains papain, a peeling enzyme that removes dead skin without irritating the scalp. Thanks to a high content of active ingredients such as urea, rice powder, horse chestnut extract, horsetail extract, nettle extract, manuka leaf extract, panthenol, niacinamide and lactic acid, the shampoo restores a healthy look, resilience, smoothness and adds volume and shine. It does not weigh down the hair and slows down natural oil production.<\/p>\n<p>How to use:<br \/>\nApply a small amount of shampoo to wet hair. Massage the scalp gently for a few minutes. Rinse thoroughly. Repeat for better cleansing results.<\/p>\n<p>Action:<br \/>\n\u2022 moisturises and restores the scalp balance<br \/>\n\u2022 has antibacterial effect<br \/>\n\u2022 dissolves and removes dead skin cells<br \/>\n\u2022 slows down natural oil production<br \/>\n\u2022 restores healthy look<\/p>\n<p>Capacity: 200 ml<\/p>\n","protected":false},"featured_media":1567,"template":"","meta":[],"yoast_head":"<!-- This site is optimized with the Yoast SEO plugin v16.2 - https:\/\/yoast.com\/wordpress\/plugins\/seo\/ -->\n<title>Hair Exfoliation shampoo with enzymatic peeling - Dermofuture.com<\/title>\n<meta name=\"robots\" content=\"index, follow, max-snippet:-1, max-image-preview:large, max-video-preview:-1\" \/>\n<link rel=\"canonical\" href=\"https:\/\/dermofuture.com\/en\/shop\/hair\/hair-exfoliation-shampoo-with-enzymatic-peeling\/\" \/>\n<meta property=\"og:locale\" content=\"en_US\" \/>\n<meta property=\"og:type\" content=\"article\" \/>\n<meta property=\"og:title\" content=\"Hair Exfoliation shampoo with enzymatic peeling - Dermofuture.com\" \/>\n<meta property=\"og:description\" content=\"Shampoo designed for daily cleansing and care of sensitive scalp, oily and volume lacking har. An effective formula with hemp oil that restores the scalp balance, moisturises, and has antibacterial properties. Contains papain, a peeling enzyme that removes dead skin without irritating the scalp. Thanks to a high content of active ingredients such as urea, rice powder, horse chestnut extract, horsetail extract, nettle extract, manuka leaf extract, panthenol, niacinamide and lactic acid, the shampoo restores a healthy look, resilience, smoothness and adds volume and shine. It does not weigh down the hair and slows down natural oil production.  How to use: Apply a small amount of shampoo to wet hair. Massage the scalp gently for a few minutes. Rinse thoroughly. Repeat for better cleansing results.  Action: \u2022 moisturises and restores the scalp balance \u2022 has antibacterial effect \u2022 dissolves and removes dead skin cells \u2022 slows down natural oil production \u2022 restores healthy look  Capacity: 200 ml\" \/>\n<meta property=\"og:url\" content=\"https:\/\/dermofuture.com\/en\/shop\/hair\/hair-exfoliation-shampoo-with-enzymatic-peeling\/\" \/>\n<meta property=\"og:site_name\" content=\"Dermofuture.com\" \/>\n<meta property=\"article:modified_time\" content=\"2021-03-31T21:32:48+00:00\" \/>\n<meta property=\"og:image\" content=\"https:\/\/dermofuture.com\/en\/wp-content\/uploads\/sites\/10\/2019\/08\/Szampon-enzymatyczny-HAIR-EXFOLIATION-peelinguj\u0105cy-sk\u00f3r\u0119-g\u0142owy-z-olejem-konopnym.jpg\" \/>\n\t<meta property=\"og:image:width\" content=\"720\" \/>\n\t<meta property=\"og:image:height\" content=\"720\" \/>\n<meta name=\"twitter:card\" content=\"summary_large_image\" \/>\n<script type=\"application\/ld+json\" class=\"yoast-schema-graph\">{\"@context\":\"https:\/\/schema.org\",\"@graph\":[{\"@type\":\"WebSite\",\"@id\":\"https:\/\/dermofuture.com\/en\/#website\",\"url\":\"https:\/\/dermofuture.com\/en\/\",\"name\":\"Dermofuture.com\",\"description\":\"Care of Tomorrow\",\"potentialAction\":[{\"@type\":\"SearchAction\",\"target\":\"https:\/\/dermofuture.com\/en\/?s={search_term_string}\",\"query-input\":\"required name=search_term_string\"}],\"inLanguage\":\"en-US\"},{\"@type\":\"ImageObject\",\"@id\":\"https:\/\/dermofuture.com\/en\/shop\/hair\/hair-exfoliation-shampoo-with-enzymatic-peeling\/#primaryimage\",\"inLanguage\":\"en-US\",\"url\":\"https:\/\/dermofuture.com\/en\/wp-content\/uploads\/sites\/10\/2019\/08\/Szampon-enzymatyczny-HAIR-EXFOLIATION-peelinguj\\u0105cy-sk\\u00f3r\\u0119-g\\u0142owy-z-olejem-konopnym.jpg\",\"contentUrl\":\"https:\/\/dermofuture.com\/en\/wp-content\/uploads\/sites\/10\/2019\/08\/Szampon-enzymatyczny-HAIR-EXFOLIATION-peelinguj\\u0105cy-sk\\u00f3r\\u0119-g\\u0142owy-z-olejem-konopnym.jpg\",\"width\":720,\"height\":720},{\"@type\":\"WebPage\",\"@id\":\"https:\/\/dermofuture.com\/en\/shop\/hair\/hair-exfoliation-shampoo-with-enzymatic-peeling\/#webpage\",\"url\":\"https:\/\/dermofuture.com\/en\/shop\/hair\/hair-exfoliation-shampoo-with-enzymatic-peeling\/\",\"name\":\"Hair Exfoliation shampoo with enzymatic peeling - Dermofuture.com\",\"isPartOf\":{\"@id\":\"https:\/\/dermofuture.com\/en\/#website\"},\"primaryImageOfPage\":{\"@id\":\"https:\/\/dermofuture.com\/en\/shop\/hair\/hair-exfoliation-shampoo-with-enzymatic-peeling\/#primaryimage\"},\"datePublished\":\"2020-03-20T07:53:45+00:00\",\"dateModified\":\"2021-03-31T21:32:48+00:00\",\"breadcrumb\":{\"@id\":\"https:\/\/dermofuture.com\/en\/shop\/hair\/hair-exfoliation-shampoo-with-enzymatic-peeling\/#breadcrumb\"},\"inLanguage\":\"en-US\",\"potentialAction\":[{\"@type\":\"ReadAction\",\"target\":[\"https:\/\/dermofuture.com\/en\/shop\/hair\/hair-exfoliation-shampoo-with-enzymatic-peeling\/\"]}]},{\"@type\":\"BreadcrumbList\",\"@id\":\"https:\/\/dermofuture.com\/en\/shop\/hair\/hair-exfoliation-shampoo-with-enzymatic-peeling\/#breadcrumb\",\"itemListElement\":[{\"@type\":\"ListItem\",\"position\":1,\"item\":{\"@type\":\"WebPage\",\"@id\":\"https:\/\/dermofuture.com\/en\/\",\"url\":\"https:\/\/dermofuture.com\/en\/\",\"name\":\"Strona g\\u0142\\u00f3wna\"}},{\"@type\":\"ListItem\",\"position\":2,\"item\":{\"@type\":\"WebPage\",\"@id\":\"https:\/\/dermofuture.com\/en\/e-shop\/\",\"url\":\"https:\/\/dermofuture.com\/en\/e-shop\/\",\"name\":\"Dermofuture products\"}},{\"@type\":\"ListItem\",\"position\":3,\"item\":{\"@id\":\"https:\/\/dermofuture.com\/en\/shop\/hair\/hair-exfoliation-shampoo-with-enzymatic-peeling\/#webpage\"}}]}]}<\/script>\n<!-- \/ Yoast SEO plugin. -->","_links":{"self":[{"href":"https:\/\/dermofuture.com\/en\/wp-json\/wp\/v2\/product\/1566"}],"collection":[{"href":"https:\/\/dermofuture.com\/en\/wp-json\/wp\/v2\/product"}],"about":[{"href":"https:\/\/dermofuture.com\/en\/wp-json\/wp\/v2\/types\/product"}],"wp:featuredmedia":[{"embeddable":true,"href":"https:\/\/dermofuture.com\/en\/wp-json\/wp\/v2\/media\/1567"}],"wp:attachment":[{"href":"https:\/\/dermofuture.com\/en\/wp-json\/wp\/v2\/media?parent=1566"}],"curies":[{"name":"wp","href":"https:\/\/api.w.org\/{rel}","templated":true}]}}