{"id":1568,"date":"2020-03-19T16:57:21","date_gmt":"2020-03-19T15:57:21","guid":{"rendered":"http:\/\/wordpress2030338.home.pl\/autoinstalator\/wordpressplus\/?post_type=product&#038;p=1568"},"modified":"2021-03-31T23:33:13","modified_gmt":"2021-03-31T21:33:13","slug":"hair-balance-shampoo","status":"publish","type":"product","link":"https:\/\/dermofuture.com\/en\/shop\/hair\/hair-balance-shampoo\/","title":{"rendered":"Hair Balance shampoo"},"content":{"rendered":"","protected":false},"excerpt":{"rendered":"<p>Shampoo designed for daily cleansing and care of the scalp prone to irritation and dryness. Its formula restores the physiological balance of the scalp, soothing itching and moisturising the scalp. Restores hair softness and adds gloss. Prevents hair loss and strengthens hair roots, does not weigh them down. The shampoo contains effective, active ingredients such as arginine, lactic acid, glycerol, aloe vera leaf extract, horsetail extract and panthenol, which guarantee visible results in a short time.<\/p>\n<p>How to use:<br \/>\nApply a small amount of shampoo to wet hair. Massage the scalp gently for a few minutes. Rinse thoroughly. Repeat for better cleansing results.<\/p>\n<p>Effects:<br \/>\n\u2022 moisturises and soothes irritated scalp<br \/>\n\u2022 relieves itching<br \/>\n\u2022 strengthens and prevents hair loss<br \/>\n\u2022 strengthens and moisturises the hair<br \/>\n\u2022 adds shine and softness<\/p>\n<p>Capacity: 200 ml<\/p>\n","protected":false},"featured_media":1569,"template":"","meta":[],"yoast_head":"<!-- This site is optimized with the Yoast SEO plugin v16.2 - https:\/\/yoast.com\/wordpress\/plugins\/seo\/ -->\n<title>Hair Balance shampoo - Dermofuture.com<\/title>\n<meta name=\"robots\" content=\"index, follow, max-snippet:-1, max-image-preview:large, max-video-preview:-1\" \/>\n<link rel=\"canonical\" href=\"https:\/\/dermofuture.com\/en\/shop\/hair\/hair-balance-shampoo\/\" \/>\n<meta property=\"og:locale\" content=\"en_US\" \/>\n<meta property=\"og:type\" content=\"article\" \/>\n<meta property=\"og:title\" content=\"Hair Balance shampoo - Dermofuture.com\" \/>\n<meta property=\"og:description\" content=\"Shampoo designed for daily cleansing and care of the scalp prone to irritation and dryness. Its formula restores the physiological balance of the scalp, soothing itching and moisturising the scalp. Restores hair softness and adds gloss. Prevents hair loss and strengthens hair roots, does not weigh them down. The shampoo contains effective, active ingredients such as arginine, lactic acid, glycerol, aloe vera leaf extract, horsetail extract and panthenol, which guarantee visible results in a short time.  How to use: Apply a small amount of shampoo to wet hair. Massage the scalp gently for a few minutes. Rinse thoroughly. Repeat for better cleansing results.  Effects: \u2022 moisturises and soothes irritated scalp \u2022 relieves itching \u2022 strengthens and prevents hair loss \u2022 strengthens and moisturises the hair \u2022 adds shine and softness  Capacity: 200 ml\" \/>\n<meta property=\"og:url\" content=\"https:\/\/dermofuture.com\/en\/shop\/hair\/hair-balance-shampoo\/\" \/>\n<meta property=\"og:site_name\" content=\"Dermofuture.com\" \/>\n<meta property=\"article:modified_time\" content=\"2021-03-31T21:33:13+00:00\" \/>\n<meta property=\"og:image\" content=\"https:\/\/dermofuture.com\/en\/wp-content\/uploads\/sites\/10\/2019\/08\/Szampon-HAIR-BALANCE-wzmacniaj\u0105cy-i-normalizuj\u0105cy-sk\u00f3r\u0119-g\u0142owy.jpg\" \/>\n\t<meta property=\"og:image:width\" content=\"720\" \/>\n\t<meta property=\"og:image:height\" content=\"720\" \/>\n<meta name=\"twitter:card\" content=\"summary_large_image\" \/>\n<script type=\"application\/ld+json\" class=\"yoast-schema-graph\">{\"@context\":\"https:\/\/schema.org\",\"@graph\":[{\"@type\":\"WebSite\",\"@id\":\"https:\/\/dermofuture.com\/en\/#website\",\"url\":\"https:\/\/dermofuture.com\/en\/\",\"name\":\"Dermofuture.com\",\"description\":\"Care of Tomorrow\",\"potentialAction\":[{\"@type\":\"SearchAction\",\"target\":\"https:\/\/dermofuture.com\/en\/?s={search_term_string}\",\"query-input\":\"required name=search_term_string\"}],\"inLanguage\":\"en-US\"},{\"@type\":\"ImageObject\",\"@id\":\"https:\/\/dermofuture.com\/en\/shop\/hair\/hair-balance-shampoo\/#primaryimage\",\"inLanguage\":\"en-US\",\"url\":\"https:\/\/dermofuture.com\/en\/wp-content\/uploads\/sites\/10\/2019\/08\/Szampon-HAIR-BALANCE-wzmacniaj\\u0105cy-i-normalizuj\\u0105cy-sk\\u00f3r\\u0119-g\\u0142owy.jpg\",\"contentUrl\":\"https:\/\/dermofuture.com\/en\/wp-content\/uploads\/sites\/10\/2019\/08\/Szampon-HAIR-BALANCE-wzmacniaj\\u0105cy-i-normalizuj\\u0105cy-sk\\u00f3r\\u0119-g\\u0142owy.jpg\",\"width\":720,\"height\":720},{\"@type\":\"WebPage\",\"@id\":\"https:\/\/dermofuture.com\/en\/shop\/hair\/hair-balance-shampoo\/#webpage\",\"url\":\"https:\/\/dermofuture.com\/en\/shop\/hair\/hair-balance-shampoo\/\",\"name\":\"Hair Balance shampoo - Dermofuture.com\",\"isPartOf\":{\"@id\":\"https:\/\/dermofuture.com\/en\/#website\"},\"primaryImageOfPage\":{\"@id\":\"https:\/\/dermofuture.com\/en\/shop\/hair\/hair-balance-shampoo\/#primaryimage\"},\"datePublished\":\"2020-03-19T15:57:21+00:00\",\"dateModified\":\"2021-03-31T21:33:13+00:00\",\"breadcrumb\":{\"@id\":\"https:\/\/dermofuture.com\/en\/shop\/hair\/hair-balance-shampoo\/#breadcrumb\"},\"inLanguage\":\"en-US\",\"potentialAction\":[{\"@type\":\"ReadAction\",\"target\":[\"https:\/\/dermofuture.com\/en\/shop\/hair\/hair-balance-shampoo\/\"]}]},{\"@type\":\"BreadcrumbList\",\"@id\":\"https:\/\/dermofuture.com\/en\/shop\/hair\/hair-balance-shampoo\/#breadcrumb\",\"itemListElement\":[{\"@type\":\"ListItem\",\"position\":1,\"item\":{\"@type\":\"WebPage\",\"@id\":\"https:\/\/dermofuture.com\/en\/\",\"url\":\"https:\/\/dermofuture.com\/en\/\",\"name\":\"Strona g\\u0142\\u00f3wna\"}},{\"@type\":\"ListItem\",\"position\":2,\"item\":{\"@type\":\"WebPage\",\"@id\":\"https:\/\/dermofuture.com\/en\/e-shop\/\",\"url\":\"https:\/\/dermofuture.com\/en\/e-shop\/\",\"name\":\"Dermofuture products\"}},{\"@type\":\"ListItem\",\"position\":3,\"item\":{\"@id\":\"https:\/\/dermofuture.com\/en\/shop\/hair\/hair-balance-shampoo\/#webpage\"}}]}]}<\/script>\n<!-- \/ Yoast SEO plugin. -->","_links":{"self":[{"href":"https:\/\/dermofuture.com\/en\/wp-json\/wp\/v2\/product\/1568"}],"collection":[{"href":"https:\/\/dermofuture.com\/en\/wp-json\/wp\/v2\/product"}],"about":[{"href":"https:\/\/dermofuture.com\/en\/wp-json\/wp\/v2\/types\/product"}],"wp:featuredmedia":[{"embeddable":true,"href":"https:\/\/dermofuture.com\/en\/wp-json\/wp\/v2\/media\/1569"}],"wp:attachment":[{"href":"https:\/\/dermofuture.com\/en\/wp-json\/wp\/v2\/media?parent=1568"}],"curies":[{"name":"wp","href":"https:\/\/api.w.org\/{rel}","templated":true}]}}