{"id":1572,"date":"2020-03-17T17:05:28","date_gmt":"2020-03-17T16:05:28","guid":{"rendered":"http:\/\/wordpress2030338.home.pl\/autoinstalator\/wordpressplus\/?post_type=product&#038;p=1572"},"modified":"2021-03-31T23:33:47","modified_gmt":"2021-03-31T21:33:47","slug":"hair-growth-treatment","status":"publish","type":"product","link":"https:\/\/dermofuture.com\/en\/shop\/hair\/hair-growth-treatment\/","title":{"rendered":"Hair Growth treatment"},"content":{"rendered":"","protected":false},"excerpt":{"rendered":"<p>Contains rapidity <strong>NEW-5Her\u2122<\/strong>, i.e. a complex of active ingredients which stimulates hair follicle cells, slowing down the hair aging. The formula increases the penetration of active substances into the scalp, thus activating the hair follicle for faster growth. Makes hair stronger and thicker, increasing its volume. Suitable for all hair types with a tendency to fall out.<\/p>\n<p>How to use:<br \/>\nSpray the treatment at the roots of the hair and massage into dry scalp. Perform a gentle massage that will support the product action and improve blood circulation. Leave for a minimum of four hours. For a better effect, use the preparation regularly, at least twice a week, preferably in combination with the entire Dermofuture Hair Growth series: peeling, shampoo, and hair mask.<\/p>\n<p>Action:<br \/>\n\u2022 strengthens and regenerates hair<br \/>\n\u2022 rebuilds hair roots<br \/>\n\u2022 prevents hair loss<\/p>\n<p>Capacity: 30 ml<\/p>\n","protected":false},"featured_media":1573,"template":"","meta":[],"yoast_head":"<!-- This site is optimized with the Yoast SEO plugin v16.2 - https:\/\/yoast.com\/wordpress\/plugins\/seo\/ -->\n<title>Hair Growth treatment - Dermofuture.com<\/title>\n<meta name=\"robots\" content=\"index, follow, max-snippet:-1, max-image-preview:large, max-video-preview:-1\" \/>\n<link rel=\"canonical\" href=\"https:\/\/dermofuture.com\/en\/shop\/hair\/hair-growth-treatment\/\" \/>\n<meta property=\"og:locale\" content=\"en_US\" \/>\n<meta property=\"og:type\" content=\"article\" \/>\n<meta property=\"og:title\" content=\"Hair Growth treatment - Dermofuture.com\" \/>\n<meta property=\"og:description\" content=\"Contains rapidity NEW-5Her\u2122, i.e. a complex of active ingredients which stimulates hair follicle cells, slowing down the hair aging. The formula increases the penetration of active substances into the scalp, thus activating the hair follicle for faster growth. Makes hair stronger and thicker, increasing its volume. Suitable for all hair types with a tendency to fall out.  How to use: Spray the treatment at the roots of the hair and massage into dry scalp. Perform a gentle massage that will support the product action and improve blood circulation. Leave for a minimum of four hours. For a better effect, use the preparation regularly, at least twice a week, preferably in combination with the entire Dermofuture Hair Growth series: peeling, shampoo, and hair mask.  Action: \u2022 strengthens and regenerates hair \u2022 rebuilds hair roots \u2022 prevents hair loss  Capacity: 30 ml\" \/>\n<meta property=\"og:url\" content=\"https:\/\/dermofuture.com\/en\/shop\/hair\/hair-growth-treatment\/\" \/>\n<meta property=\"og:site_name\" content=\"Dermofuture.com\" \/>\n<meta property=\"article:modified_time\" content=\"2021-03-31T21:33:47+00:00\" \/>\n<meta property=\"og:image\" content=\"https:\/\/dermofuture.com\/en\/wp-content\/uploads\/sites\/10\/2019\/08\/Kuracja-przyspieszaj\u0105ca-wzrost-i-zapobiegaj\u0105ca-wypadaniu-w\u0142os\u00f3w.jpg\" \/>\n\t<meta property=\"og:image:width\" content=\"720\" \/>\n\t<meta property=\"og:image:height\" content=\"720\" \/>\n<meta name=\"twitter:card\" content=\"summary_large_image\" \/>\n<script type=\"application\/ld+json\" class=\"yoast-schema-graph\">{\"@context\":\"https:\/\/schema.org\",\"@graph\":[{\"@type\":\"WebSite\",\"@id\":\"https:\/\/dermofuture.com\/en\/#website\",\"url\":\"https:\/\/dermofuture.com\/en\/\",\"name\":\"Dermofuture.com\",\"description\":\"Care of Tomorrow\",\"potentialAction\":[{\"@type\":\"SearchAction\",\"target\":\"https:\/\/dermofuture.com\/en\/?s={search_term_string}\",\"query-input\":\"required name=search_term_string\"}],\"inLanguage\":\"en-US\"},{\"@type\":\"ImageObject\",\"@id\":\"https:\/\/dermofuture.com\/en\/shop\/hair\/hair-growth-treatment\/#primaryimage\",\"inLanguage\":\"en-US\",\"url\":\"https:\/\/dermofuture.com\/en\/wp-content\/uploads\/sites\/10\/2019\/08\/Kuracja-przyspieszaj\\u0105ca-wzrost-i-zapobiegaj\\u0105ca-wypadaniu-w\\u0142os\\u00f3w.jpg\",\"contentUrl\":\"https:\/\/dermofuture.com\/en\/wp-content\/uploads\/sites\/10\/2019\/08\/Kuracja-przyspieszaj\\u0105ca-wzrost-i-zapobiegaj\\u0105ca-wypadaniu-w\\u0142os\\u00f3w.jpg\",\"width\":720,\"height\":720},{\"@type\":\"WebPage\",\"@id\":\"https:\/\/dermofuture.com\/en\/shop\/hair\/hair-growth-treatment\/#webpage\",\"url\":\"https:\/\/dermofuture.com\/en\/shop\/hair\/hair-growth-treatment\/\",\"name\":\"Hair Growth treatment - Dermofuture.com\",\"isPartOf\":{\"@id\":\"https:\/\/dermofuture.com\/en\/#website\"},\"primaryImageOfPage\":{\"@id\":\"https:\/\/dermofuture.com\/en\/shop\/hair\/hair-growth-treatment\/#primaryimage\"},\"datePublished\":\"2020-03-17T16:05:28+00:00\",\"dateModified\":\"2021-03-31T21:33:47+00:00\",\"breadcrumb\":{\"@id\":\"https:\/\/dermofuture.com\/en\/shop\/hair\/hair-growth-treatment\/#breadcrumb\"},\"inLanguage\":\"en-US\",\"potentialAction\":[{\"@type\":\"ReadAction\",\"target\":[\"https:\/\/dermofuture.com\/en\/shop\/hair\/hair-growth-treatment\/\"]}]},{\"@type\":\"BreadcrumbList\",\"@id\":\"https:\/\/dermofuture.com\/en\/shop\/hair\/hair-growth-treatment\/#breadcrumb\",\"itemListElement\":[{\"@type\":\"ListItem\",\"position\":1,\"item\":{\"@type\":\"WebPage\",\"@id\":\"https:\/\/dermofuture.com\/en\/\",\"url\":\"https:\/\/dermofuture.com\/en\/\",\"name\":\"Strona g\\u0142\\u00f3wna\"}},{\"@type\":\"ListItem\",\"position\":2,\"item\":{\"@type\":\"WebPage\",\"@id\":\"https:\/\/dermofuture.com\/en\/e-shop\/\",\"url\":\"https:\/\/dermofuture.com\/en\/e-shop\/\",\"name\":\"Dermofuture products\"}},{\"@type\":\"ListItem\",\"position\":3,\"item\":{\"@id\":\"https:\/\/dermofuture.com\/en\/shop\/hair\/hair-growth-treatment\/#webpage\"}}]}]}<\/script>\n<!-- \/ Yoast SEO plugin. -->","_links":{"self":[{"href":"https:\/\/dermofuture.com\/en\/wp-json\/wp\/v2\/product\/1572"}],"collection":[{"href":"https:\/\/dermofuture.com\/en\/wp-json\/wp\/v2\/product"}],"about":[{"href":"https:\/\/dermofuture.com\/en\/wp-json\/wp\/v2\/types\/product"}],"wp:featuredmedia":[{"embeddable":true,"href":"https:\/\/dermofuture.com\/en\/wp-json\/wp\/v2\/media\/1573"}],"wp:attachment":[{"href":"https:\/\/dermofuture.com\/en\/wp-json\/wp\/v2\/media?parent=1572"}],"curies":[{"name":"wp","href":"https:\/\/api.w.org\/{rel}","templated":true}]}}