{"id":2459,"date":"2020-04-02T16:23:05","date_gmt":"2020-04-02T14:23:05","guid":{"rendered":"https:\/\/dermo.devel\/en\/?post_type=product&#038;p=2459"},"modified":"2021-03-31T23:31:33","modified_gmt":"2021-03-31T21:31:33","slug":"anti-dandruff-shampoo-for-men","status":"publish","type":"product","link":"https:\/\/dermofuture.com\/en\/shop\/hair\/anti-dandruff-shampoo-for-men\/","title":{"rendered":"Anti-dandruff shampoo for men"},"content":{"rendered":"","protected":false},"excerpt":{"rendered":"<p>The DF5 anti-dandruff shampoo contains substances with confirmed anti-dandruff effect: Climbazole and piroctone olamine, which restore the scalp balance, eliminating visible signs of dandruff, and a complex of active ingredients HAIRNEW-2His, providing multi-level action and eliminating the main causes of hair loss. The shampoo gently cleanses the hair and cleanses it of impurities, delicately removing exfoliated skin cells. Visibly moisturises and soothes irritations, reduces itching and discomfort caused by dandruff. The use of DF5 shampoo makes the hair soft and shiny. The formula contains a polymer which makes it easier to comb hair and prevents static electricity. Betaine increases hair volume, strengthens, and moisturises, leaving your hair silky soft. Action:<\/p>\n<p>Action:<br \/>\n\u2022 prevents dandruff<br \/>\n\u2022 prevents excessive hair loss<br \/>\n\u2022 moisturises and soothes the scalp<\/p>\n<p>Capacity: 200 ml<\/p>\n","protected":false},"featured_media":2461,"template":"","meta":[],"yoast_head":"<!-- This site is optimized with the Yoast SEO plugin v16.2 - https:\/\/yoast.com\/wordpress\/plugins\/seo\/ -->\n<title>Anti-dandruff shampoo for men - Dermofuture.com<\/title>\n<meta name=\"robots\" content=\"index, follow, max-snippet:-1, max-image-preview:large, max-video-preview:-1\" \/>\n<link rel=\"canonical\" href=\"https:\/\/dermofuture.com\/en\/shop\/hair\/anti-dandruff-shampoo-for-men\/\" \/>\n<meta property=\"og:locale\" content=\"en_US\" \/>\n<meta property=\"og:type\" content=\"article\" \/>\n<meta property=\"og:title\" content=\"Anti-dandruff shampoo for men - Dermofuture.com\" \/>\n<meta property=\"og:description\" content=\"The DF5 anti-dandruff shampoo contains substances with confirmed anti-dandruff effect: Climbazole and piroctone olamine, which restore the scalp balance, eliminating visible signs of dandruff, and a complex of active ingredients HAIRNEW-2His, providing multi-level action and eliminating the main causes of hair loss. The shampoo gently cleanses the hair and cleanses it of impurities, delicately removing exfoliated skin cells. Visibly moisturises and soothes irritations, reduces itching and discomfort caused by dandruff. The use of DF5 shampoo makes the hair soft and shiny. The formula contains a polymer which makes it easier to comb hair and prevents static electricity. Betaine increases hair volume, strengthens, and moisturises, leaving your hair silky soft. Action:  Action: \u2022 prevents dandruff \u2022 prevents excessive hair loss \u2022 moisturises and soothes the scalp  Capacity: 200 ml\" \/>\n<meta property=\"og:url\" content=\"https:\/\/dermofuture.com\/en\/shop\/hair\/anti-dandruff-shampoo-for-men\/\" \/>\n<meta property=\"og:site_name\" content=\"Dermofuture.com\" \/>\n<meta property=\"article:modified_time\" content=\"2021-03-31T21:31:33+00:00\" \/>\n<meta property=\"og:image\" content=\"https:\/\/dermofuture.com\/en\/wp-content\/uploads\/sites\/10\/2020\/04\/Z-SZAMPON-PRZECIW\u0141UPIE\u017bOWY-I-PRZECIW-WYPADANIU-W\u0141OS\u00d3W.jpg\" \/>\n\t<meta property=\"og:image:width\" content=\"720\" \/>\n\t<meta property=\"og:image:height\" content=\"720\" \/>\n<meta name=\"twitter:card\" content=\"summary_large_image\" \/>\n<script type=\"application\/ld+json\" class=\"yoast-schema-graph\">{\"@context\":\"https:\/\/schema.org\",\"@graph\":[{\"@type\":\"WebSite\",\"@id\":\"https:\/\/dermofuture.com\/en\/#website\",\"url\":\"https:\/\/dermofuture.com\/en\/\",\"name\":\"Dermofuture.com\",\"description\":\"Care of Tomorrow\",\"potentialAction\":[{\"@type\":\"SearchAction\",\"target\":\"https:\/\/dermofuture.com\/en\/?s={search_term_string}\",\"query-input\":\"required name=search_term_string\"}],\"inLanguage\":\"en-US\"},{\"@type\":\"ImageObject\",\"@id\":\"https:\/\/dermofuture.com\/en\/shop\/hair\/anti-dandruff-shampoo-for-men\/#primaryimage\",\"inLanguage\":\"en-US\",\"url\":\"https:\/\/dermofuture.com\/en\/wp-content\/uploads\/sites\/10\/2020\/04\/Z-SZAMPON-PRZECIW\\u0141UPIE\\u017bOWY-I-PRZECIW-WYPADANIU-W\\u0141OS\\u00d3W.jpg\",\"contentUrl\":\"https:\/\/dermofuture.com\/en\/wp-content\/uploads\/sites\/10\/2020\/04\/Z-SZAMPON-PRZECIW\\u0141UPIE\\u017bOWY-I-PRZECIW-WYPADANIU-W\\u0141OS\\u00d3W.jpg\",\"width\":720,\"height\":720,\"caption\":\"DF5 szmpon przeciw\\u0142upie\\u017cowy oraz zapiegaj\\u0105cy wypadniu w\\u0142os\\u00f3w dla m\\u0119\\u017cczyzn\"},{\"@type\":\"WebPage\",\"@id\":\"https:\/\/dermofuture.com\/en\/shop\/hair\/anti-dandruff-shampoo-for-men\/#webpage\",\"url\":\"https:\/\/dermofuture.com\/en\/shop\/hair\/anti-dandruff-shampoo-for-men\/\",\"name\":\"Anti-dandruff shampoo for men - Dermofuture.com\",\"isPartOf\":{\"@id\":\"https:\/\/dermofuture.com\/en\/#website\"},\"primaryImageOfPage\":{\"@id\":\"https:\/\/dermofuture.com\/en\/shop\/hair\/anti-dandruff-shampoo-for-men\/#primaryimage\"},\"datePublished\":\"2020-04-02T14:23:05+00:00\",\"dateModified\":\"2021-03-31T21:31:33+00:00\",\"breadcrumb\":{\"@id\":\"https:\/\/dermofuture.com\/en\/shop\/hair\/anti-dandruff-shampoo-for-men\/#breadcrumb\"},\"inLanguage\":\"en-US\",\"potentialAction\":[{\"@type\":\"ReadAction\",\"target\":[\"https:\/\/dermofuture.com\/en\/shop\/hair\/anti-dandruff-shampoo-for-men\/\"]}]},{\"@type\":\"BreadcrumbList\",\"@id\":\"https:\/\/dermofuture.com\/en\/shop\/hair\/anti-dandruff-shampoo-for-men\/#breadcrumb\",\"itemListElement\":[{\"@type\":\"ListItem\",\"position\":1,\"item\":{\"@type\":\"WebPage\",\"@id\":\"https:\/\/dermofuture.com\/en\/\",\"url\":\"https:\/\/dermofuture.com\/en\/\",\"name\":\"Strona g\\u0142\\u00f3wna\"}},{\"@type\":\"ListItem\",\"position\":2,\"item\":{\"@type\":\"WebPage\",\"@id\":\"https:\/\/dermofuture.com\/en\/e-shop\/\",\"url\":\"https:\/\/dermofuture.com\/en\/e-shop\/\",\"name\":\"Dermofuture products\"}},{\"@type\":\"ListItem\",\"position\":3,\"item\":{\"@id\":\"https:\/\/dermofuture.com\/en\/shop\/hair\/anti-dandruff-shampoo-for-men\/#webpage\"}}]}]}<\/script>\n<!-- \/ Yoast SEO plugin. -->","_links":{"self":[{"href":"https:\/\/dermofuture.com\/en\/wp-json\/wp\/v2\/product\/2459"}],"collection":[{"href":"https:\/\/dermofuture.com\/en\/wp-json\/wp\/v2\/product"}],"about":[{"href":"https:\/\/dermofuture.com\/en\/wp-json\/wp\/v2\/types\/product"}],"wp:featuredmedia":[{"embeddable":true,"href":"https:\/\/dermofuture.com\/en\/wp-json\/wp\/v2\/media\/2461"}],"wp:attachment":[{"href":"https:\/\/dermofuture.com\/en\/wp-json\/wp\/v2\/media?parent=2459"}],"curies":[{"name":"wp","href":"https:\/\/api.w.org\/{rel}","templated":true}]}}